{"id":295,"date":"2024-03-19T11:07:46","date_gmt":"2024-03-19T15:07:46","guid":{"rendered":"https:\/\/mariefrancemathieu.com\/brouillon\/?page_id=295"},"modified":"2025-08-26T16:43:42","modified_gmt":"2025-08-26T20:43:42","slug":"arrangements","status":"publish","type":"page","link":"https:\/\/mariefrancemathieu.com\/en\/arrangements\/","title":{"rendered":"Arrangements"},"content":{"rendered":"<h4 class=\"wp-block-heading\"><strong>Orchestra<\/strong><\/h4>\n\n\n\n<figure class=\"wp-block-table is-style-stripes\"><table><tbody><tr><td><strong>Composer<\/strong><\/td><td><strong><em>Title<\/em><\/strong><strong><\/strong><\/td><td><strong>Instrumentation<\/strong><\/td><td><strong>Duration<\/strong><\/td><td><strong>Level<\/strong><\/td><td><strong>Link<\/strong><\/td><\/tr><tr><td>Berlin, Irvin<\/td><td><em>Irvin Berlin&rsquo;s Best<\/em><\/td><td>31(1)2(1)2sx 2221 timp percs, hp str<\/td><td>&nbsp;2&rsquo;50<\/td><td>Advanced<\/td><td>&nbsp;<\/td><\/tr><tr><td>Gagnon, Andr\u00e9<\/td><td>Neige<\/td><td>2222 2200 timp, strings, piano solo<\/td><td>10&prime;<\/td><td>Advanced<\/td><td><\/td><\/tr><tr><td>L\u00e9veill\u00e9e, Claude<\/td><td>Mon pays<\/td><td>1111 1100 strings, voice solo  piano<\/td><td>4&prime;<\/td><td>Intermediate<\/td><td><\/td><\/tr><tr><td>Saint-Sa\u00ebns, Camille<\/td><td><em>Le lever de la Lune<\/em><\/td><td>2222 2200 str<\/td><td>4\u201930<\/td><td>Advanced<\/td><td>&nbsp;<\/td><\/tr><tr><td>Traditionnel<\/td><td><em>Danny Boy<\/em><\/td><td>11111 2000 hp str<\/td><td>5\u2019<\/td><td>Advanced<\/td><td>&nbsp;<\/td><\/tr><tr><td>Traditionnel<\/td><td><em>Danny Boy<\/em><\/td><td>11111 2000 hp str + voice solo<\/td><td>5\u2019<\/td><td>Advanced<\/td><td>&nbsp;<\/td><\/tr><tr><td>Traditionnel<\/td><td><em>Dans le silence de la nuit<\/em><\/td><td>2222 2000 hp str<\/td><td>3\u201920<\/td><td>Intermediate<\/td><td>&nbsp;<\/td><\/tr><tr><td>Traditionnel<\/td><td><em>Joy to the World<\/em><em><\/em><\/td><td>2(1)222 2221 timp hp str<\/td><td>1\u2019<\/td><td>Intermediate<\/td><td>&nbsp;<\/td><\/tr><tr><td>Traditionnel<\/td><td><em>Patapan<\/em><em><\/em><\/td><td>2(1)222 2221 timp perc hp str<\/td><td>2\u201945<\/td><td>Advanced<\/td><td>&nbsp;<\/td><\/tr><\/tbody><\/table><\/figure>\n\n\n\n<div style=\"height:64px\" aria-hidden=\"true\" class=\"wp-block-spacer\"><\/div>\n\n\n\n<h4 class=\"wp-block-heading\"><strong>String orchestra<\/strong><\/h4>\n\n\n\n<figure class=\"wp-block-table is-style-stripes\"><table><tbody><tr><td><strong>Composer<\/strong><\/td><td><strong><em>Title<\/em><\/strong><em><\/em><\/td><td><strong>Instrumentation<\/strong><\/td><td><strong>Duration<\/strong><\/td><td><strong>Level<\/strong><\/td><td><strong>Link<\/strong><\/td><\/tr><tr><td>Berlioz, Hector<\/td><td><em>Nuits d&rsquo;<\/em><em>\u00e9<\/em><em>t<\/em><em>\u00e9<\/em><em> <\/em><em>\u00ab<\/em><em>Vilanelle<\/em><em>\u00bb<\/em><em><\/em><\/td><td>String orch + sop solo<\/td><td>&nbsp;2&rsquo;10<\/td><td>Avanc\u00e9<\/td><td>&nbsp;<\/td><\/tr><tr><td>Bizet, George<\/td><td><em>Les p\u00eacheurs de perles \u00abAu fond du temps saint\u00bb<\/em><\/td><td>String orch<\/td><td>4&rsquo;20<\/td><td>Avanc\u00e9<\/td><td><\/td><\/tr><tr><td>Buxtehude, Dietrich<\/td><td><em>Auf Meinen Lieben Gott<\/em><em><\/em><\/td><td>String orchestra + Clar solo<\/td><td>&nbsp;6&rsquo;35<\/td><td>Intermediate<\/td><td>&nbsp;<\/td><\/tr><tr><td>Faur\u00e9, Gabriel<\/td><td><em>Apr<\/em><em>\u00e8<\/em><em>s un r<\/em><em>\u00e8<\/em><em>ve<\/em><em><\/em><\/td><td>String orch + Vc solo<\/td><td>&nbsp;2&rsquo;20<\/td><td>Intermediate<\/td><td>&nbsp;<\/td><\/tr><tr><td>Gershwin, George<\/td><td><em>Porgy and Bess \u00abSummertime\u00bb<\/em><\/td><td>string orch + sop &amp; bar<\/td><td>3\u201940<\/td><td>Advanced<\/td><td><\/td><\/tr><tr><td>L\u00e9veill\u00e9e, Claude Helmut Lipsky, L\u00e9on Bernier<\/td><td><em>Berlin sous la neige<\/em><\/td><td>Strings orch. + VL solo<\/td><td>&nbsp;5\u201900<\/td><td>Advanced<\/td><td>&nbsp;<\/td><\/tr><tr><td>L\u00e9veill\u00e9e, Claude<\/td><td>La l\u00e9gende du cheval blanc<\/td><td>Strings orch., voice + piano<\/td><td>1&rsquo;50<\/td><td>Advanced<\/td><td><\/td><\/tr><tr><td>Mozart, Wolfgang Amadeus<\/td><td><em>Cos\u00ec fan tutte<\/em> \u00abIn uomini in Soldati\u00bb<\/td><td>String orch + sop solo<\/td><td>2&rsquo;50<\/td><td>Advanced<\/td><td><\/td><\/tr><tr><td>Mozart, Wolfgang Amadeus<\/td><td><em>Don Giovanni <\/em>\u00abCome paride vezzoso\u00bb<\/td><td>String orch + bar solo<\/td><td>2&rsquo;50<\/td><td>Advanced<\/td><td><\/td><\/tr><tr><td>Mozart, Wolfgang Amadeus<\/td><td><em>Don Giovani \u00abMadamina, il catalogo \u00e8 questo\u00bb<\/em><\/td><td>String orch + bar solo<\/td><td>6&rsquo;00<\/td><td>Advanced<\/td><td><\/td><\/tr><tr><td>Mozart, Wolfgang Amadeus<\/td><td><em>Il nozze di Figaro \u00abCrudel! Perch\u00e9 finora\u00bb<\/em><\/td><td>String orch + sop &amp; bar <\/td><td>3&rsquo;40<\/td><td>Advanced<\/td><td><\/td><\/tr><tr><td>Mozart, Wolfgang Amadeus<\/td><td><em>Il nozze di Figaro \u00abGiunse alfin il momento&#8230; Deh vieni, non tardar\u00bb<\/em><\/td><td>String orch + sop solo<\/td><td>2&rsquo;45<\/td><td>Advanced<\/td><td><\/td><\/tr><tr><td>Puccini, Gianoco<\/td><td><em>Gianni Schicchi \u00abO moi babbino caro\u00bb<\/em><\/td><td>String orch + sop solo<\/td><td>2&rsquo;00<\/td><td>Advanced<\/td><td><\/td><\/tr><tr><td>Schumann, Robert<\/td><td><em>Kinderszenen No.7 \u00abTr\u00e4umerei\u00bb<\/em><\/td><td>Sting orch<\/td><td>2&prime;<\/td><td>Intermediate<\/td><td><\/td><\/tr><tr><td>Vaughan Williams, Ralph<\/td><td><em>Six Studies in English Folksongs<\/em><em><\/em><\/td><td>Str quartet + clar solo<\/td><td>&nbsp;<\/td><td>Intermediate<\/td><td>&nbsp;<\/td><\/tr><\/tbody><\/table><\/figure>\n\n\n\n<div style=\"height:66px\" aria-hidden=\"true\" class=\"wp-block-spacer\"><\/div>\n\n\n\n<h4 class=\"wp-block-heading\"><strong>Ensembles<\/strong><\/h4>\n\n\n\n<figure class=\"wp-block-table is-style-stripes\"><table><tbody><tr><td><strong>Composer<\/strong><\/td><td><strong><em>Title<\/em><\/strong><\/td><td><strong>Instrumentation<\/strong><\/td><td><strong>Duration<\/strong><\/td><td><strong>Level<\/strong><\/td><td><strong>Link<\/strong><\/td><\/tr><tr><td>Bach, Johann-Sebastian<\/td><td><em>Prelude in C sharp BWV 872<\/em><\/td><td>1110 0000 pn prep\/hps vib str<\/td><td>1\u201920<\/td><td>Advanced<\/td><td>&nbsp;<\/td><\/tr><tr><td>Bach, Johann-Sebastian<\/td><td><em>Prelude in E minor BWV 555<\/em><\/td><td>1110 0000 pn prep\/hps, str<\/td><td>1\u201930<\/td><td>Advanced<\/td><td>&nbsp;<\/td><\/tr><tr><td>Bach, Johann-Sebastian<\/td><td><em>Prelude in E minor BWV 855<\/em><\/td><td>1110 0000 pn prep\/hps vib str<\/td><td>2\u201930<\/td><td>Advanced<\/td><td>&nbsp;<\/td><\/tr><tr><td>Berlioz, Hector<\/td><td><em>Nuits d&rsquo;<\/em><em>\u00e9<\/em><em>t<\/em><em>\u00e9<\/em><em> <\/em><em>\u00ab<\/em><em>Vilanelle<\/em><em>\u00bb<\/em><em><\/em><\/td><td>quatuor flex + sop solo<\/td><td>&nbsp;&nbsp;2&rsquo;10<\/td><td>&nbsp;Advanced<\/td><td>&nbsp;<\/td><\/tr><tr><td>Copland, Aaron<\/td><td><em>Midsummer Nocturne<\/em><em><\/em><\/td><td>fl,cl,vl,vla,vc,Pn,vib<\/td><td>&nbsp;<\/td><td>Intermediate<\/td><td>&nbsp;<\/td><\/tr><tr><td>Gershwin, George<\/td><td><em>Porgy and Bess <\/em><em>\u00ab<\/em><em>&nbsp;<\/em><em>Summertime&nbsp;<\/em><em>\u00bb<\/em><em><\/em><\/td><td>1111 1000 str<\/td><td>&nbsp;<\/td><td>&nbsp;Advanced<\/td><td>&nbsp;<\/td><\/tr><tr><td>Kilar, Wojciech<\/td><td><em>Le roi et l\u2019oiseau<\/em>  \u00abG\u00e9n\u00e9rique\u00bb<\/td><td>1111 1000 str<\/td><td>&nbsp;<\/td><td>&nbsp;Intermediate<\/td><td>&nbsp;<\/td><\/tr><tr><td>L\u00e9veill\u00e9e, Claude<\/td><td>Pour quelques arpents de neige<\/td><td>strings, voice, piano<\/td><td>2&rsquo;25<\/td><td>Intermediate<\/td><td><\/td><\/tr><tr><td>Traditionnel<\/td><td><em>Danny Boy<\/em><em><\/em><\/td><td>Clar, vl, vla, vc, cb, 2 voices<\/td><td>5\u2019<\/td><td>&nbsp;Advanced<\/td><td>&nbsp;<\/td><\/tr><tr><td>Traditionnel<\/td><td><em>Partons la mer est belle<\/em><\/td><td>string quartet<\/td><td>&nbsp;<\/td><td>&nbsp;Advanced<\/td><td>&nbsp;<\/td><\/tr><tr><td>Traditionnel<\/td><td><em>Partons la mer est belle<\/em><\/td><td>1111 1000 str<\/td><td>&nbsp;<\/td><td>&nbsp;Advanced<\/td><td>&nbsp;<\/td><\/tr><tr><td>Vaughan Williams, Ralph<\/td><td><em>Six Studies in English Folksongs<\/em><\/td><td>cl + str quartet<\/td><td>&nbsp;<\/td><td>\u00a0Intermediate<\/td><td>&nbsp;<\/td><\/tr><\/tbody><\/table><\/figure>","protected":false},"excerpt":{"rendered":"<p>Orchestra Composer Title Instrumentation Duration Level Link Berlin, Irvin Irvin Berlin&rsquo;s Best 31(1)2(1)2sx 2221 timp percs, hp str &nbsp;2&rsquo;50 Advanced &nbsp; Gagnon, Andr\u00e9 Neige 2222 2200 timp, strings, piano solo 10&prime; Advanced L\u00e9veill\u00e9e, Claude Mon pays 1111 1100 strings, voice solo piano 4&prime; Intermediate Saint-Sa\u00ebns, Camille Le lever de la Lune 2222 2200 str 4\u201930 [&hellip;]<\/p>","protected":false},"author":1,"featured_media":0,"parent":0,"menu_order":0,"comment_status":"closed","ping_status":"closed","template":"","meta":{"_editorskit_title_hidden":false,"_editorskit_reading_time":0,"_editorskit_is_block_options_detached":false,"_editorskit_block_options_position":"{}","site-sidebar-layout":"default","site-content-layout":"","ast-site-content-layout":"default","site-content-style":"default","site-sidebar-style":"default","ast-global-header-display":"","ast-banner-title-visibility":"","ast-main-header-display":"","ast-hfb-above-header-display":"","ast-hfb-below-header-display":"","ast-hfb-mobile-header-display":"","site-post-title":"","ast-breadcrumbs-content":"","ast-featured-img":"","footer-sml-layout":"","ast-disable-related-posts":"","theme-transparent-header-meta":"","adv-header-id-meta":"","stick-header-meta":"","header-above-stick-meta":"","header-main-stick-meta":"","header-below-stick-meta":"","astra-migrate-meta-layouts":"set","ast-page-background-enabled":"default","ast-page-background-meta":{"desktop":{"background-color":"var(--ast-global-color-4)","background-image":"","background-repeat":"repeat","background-position":"center center","background-size":"auto","background-attachment":"scroll","background-type":"","background-media":"","overlay-type":"","overlay-color":"","overlay-opacity":"","overlay-gradient":""},"tablet":{"background-color":"","background-image":"","background-repeat":"repeat","background-position":"center center","background-size":"auto","background-attachment":"scroll","background-type":"","background-media":"","overlay-type":"","overlay-color":"","overlay-opacity":"","overlay-gradient":""},"mobile":{"background-color":"","background-image":"","background-repeat":"repeat","background-position":"center center","background-size":"auto","background-attachment":"scroll","background-type":"","background-media":"","overlay-type":"","overlay-color":"","overlay-opacity":"","overlay-gradient":""}},"ast-content-background-meta":{"desktop":{"background-color":"var(--ast-global-color-5)","background-image":"","background-repeat":"repeat","background-position":"center center","background-size":"auto","background-attachment":"scroll","background-type":"","background-media":"","overlay-type":"","overlay-color":"","overlay-opacity":"","overlay-gradient":""},"tablet":{"background-color":"var(--ast-global-color-5)","background-image":"","background-repeat":"repeat","background-position":"center center","background-size":"auto","background-attachment":"scroll","background-type":"","background-media":"","overlay-type":"","overlay-color":"","overlay-opacity":"","overlay-gradient":""},"mobile":{"background-color":"var(--ast-global-color-5)","background-image":"","background-repeat":"repeat","background-position":"center center","background-size":"auto","background-attachment":"scroll","background-type":"","background-media":"","overlay-type":"","overlay-color":"","overlay-opacity":"","overlay-gradient":""}},"_vp_format_video_url":"","_vp_image_focal_point":[],"footnotes":""},"class_list":["post-295","page","type-page","status-publish","hentry"],"_links":{"self":[{"href":"https:\/\/mariefrancemathieu.com\/en\/wp-json\/wp\/v2\/pages\/295","targetHints":{"allow":["GET"]}}],"collection":[{"href":"https:\/\/mariefrancemathieu.com\/en\/wp-json\/wp\/v2\/pages"}],"about":[{"href":"https:\/\/mariefrancemathieu.com\/en\/wp-json\/wp\/v2\/types\/page"}],"author":[{"embeddable":true,"href":"https:\/\/mariefrancemathieu.com\/en\/wp-json\/wp\/v2\/users\/1"}],"replies":[{"embeddable":true,"href":"https:\/\/mariefrancemathieu.com\/en\/wp-json\/wp\/v2\/comments?post=295"}],"version-history":[{"count":20,"href":"https:\/\/mariefrancemathieu.com\/en\/wp-json\/wp\/v2\/pages\/295\/revisions"}],"predecessor-version":[{"id":388,"href":"https:\/\/mariefrancemathieu.com\/en\/wp-json\/wp\/v2\/pages\/295\/revisions\/388"}],"wp:attachment":[{"href":"https:\/\/mariefrancemathieu.com\/en\/wp-json\/wp\/v2\/media?parent=295"}],"curies":[{"name":"wp","href":"https:\/\/api.w.org\/{rel}","templated":true}]}}